{"id":24,"date":"2022-02-08T08:42:44","date_gmt":"2022-02-08T07:42:44","guid":{"rendered":"http:\/\/tmkg.de\/wordpress\/homepage\/"},"modified":"2022-03-10T11:29:28","modified_gmt":"2022-03-10T10:29:28","slug":"homepage","status":"publish","type":"page","link":"https:\/\/tmkg.de\/wordpress\/","title":{"rendered":"Homepage"},"content":{"rendered":"<div id=\"pl-24\"  class=\"panel-layout\" ><div id=\"pg-24-0\"  class=\"panel-grid panel-no-style\" ><div id=\"pgc-24-0-0\"  class=\"panel-grid-cell\" ><div id=\"panel-24-0-0-0\" class=\"so-panel widget widget_circleicon-widget panel-first-child panel-last-child\" data-index=\"0\" >\t\t<div class=\"circle-icon-box circle-icon-position-top circle-icon-hide-box circle-icon-size-small \">\n\t\t\t\t\t\t\t<div class=\"circle-icon-wrapper\">\n\t\t\t\t\t\t\t\t\t\t<div class=\"circle-icon\" >\n\t\t\t\t\t\t\t\t\t\t\t\t\t<div class=\"fa fa-clock-o\" ><\/div>\n\t\t\t\t\t\t\t\t\t\t\t<\/div> \n\t\t\t\t\t\t\t\t\t<\/div>\n\t\t\t\n\t\t\t\t\t\t\t\t\t\t<h4 >\n\t\t\t\t\tTermingerecht\t\t\t\t<\/h4>\n\t\t\t\t\t\t\n\t\t\t\t\t\t\t<p class=\"text\" >Durch umfassende und sorgf\u00e4ltige Planung sorgen wir daf\u00fcr, dass Ihre Projekte termingerecht abgewickelt werden.<\/p>\n\t\t\t\t\t\t\t\t<\/div>\n\t\t<\/div><\/div><div id=\"pgc-24-0-1\"  class=\"panel-grid-cell\" ><div id=\"panel-24-0-1-0\" class=\"so-panel widget widget_circleicon-widget panel-first-child panel-last-child\" data-index=\"1\" >\t\t<div class=\"circle-icon-box circle-icon-position-top circle-icon-hide-box circle-icon-size-small \">\n\t\t\t\t\t\t\t<div class=\"circle-icon-wrapper\">\n\t\t\t\t\t\t\t\t\t\t<div class=\"circle-icon\" >\n\t\t\t\t\t\t\t\t\t\t\t\t\t<div class=\"fa fa-certificate\" ><\/div>\n\t\t\t\t\t\t\t\t\t\t\t<\/div> \n\t\t\t\t\t\t\t\t\t<\/div>\n\t\t\t\n\t\t\t\t\t\t\t\t\t\t<h4 >\n\t\t\t\t\tProfessionell\t\t\t\t<\/h4>\n\t\t\t\t\t\t\n\t\t\t\t\t\t\t<p class=\"text\" >Die Realisierung von der Planung bis zur Ausf\u00fchrung erfolgt durch gut ausgebildete und motivierte Fachkr\u00e4fte, die von erfahrenen Projektleitern gef\u00fchrt werden. Professionelles Equipment, strikte Einhaltung der Normen und sorgf\u00e4ltiges Arbeiten sind f\u00fcr uns selbstverst\u00e4ndlich.<\/p>\n\t\t\t\t\t\t\t\t<\/div>\n\t\t<\/div><\/div><div id=\"pgc-24-0-2\"  class=\"panel-grid-cell\" ><div id=\"panel-24-0-2-0\" class=\"so-panel widget widget_circleicon-widget panel-first-child panel-last-child\" data-index=\"2\" >\t\t<div class=\"circle-icon-box circle-icon-position-top circle-icon-hide-box circle-icon-size-small \">\n\t\t\t\t\t\t\t<div class=\"circle-icon-wrapper\">\n\t\t\t\t\t\t\t\t\t\t<div class=\"circle-icon\" >\n\t\t\t\t\t\t\t\t\t\t\t\t\t<div class=\"fa fa-check\" ><\/div>\n\t\t\t\t\t\t\t\t\t\t\t<\/div> \n\t\t\t\t\t\t\t\t\t<\/div>\n\t\t\t\n\t\t\t\t\t\t\t\t\t\t<h4 >\n\t\t\t\t\tZuverl\u00e4ssig\t\t\t\t<\/h4>\n\t\t\t\t\t\t\n\t\t\t\t\t\t\t<p class=\"text\" >Das Projektmanagement integriert Planung, Materialbeschaffung und Terminabstimmung. Somit k\u00f6nnen Projekte kosteng\u00fcnstig und zuverl\u00e4ssig abgewickelt werden.<\/p>\n\t\t\t\t\t\t\t\t<\/div>\n\t\t<\/div><\/div><\/div><div id=\"pg-24-1\"  class=\"panel-grid panel-has-style\" ><div class=\"wide-grey panel-row-style panel-row-style-for-24-1\" ><div id=\"pgc-24-1-0\"  class=\"panel-grid-cell\" ><div id=\"panel-24-1-0-0\" class=\"so-panel widget widget_headline-widget panel-first-child panel-last-child\" data-index=\"3\" >\t\t<h1>Alles aus einer Hand<\/h1>\n\t\t<div class=\"decoration\"><div class=\"decoration-inside\"><\/div><\/div>\n\t\t<h3>Montage - Schaltschrankbau - Elektrokonstruktion - Inbetriebnahme - SPS-Softwareerstellung<\/h3>\n\t\t<\/div><\/div><\/div><\/div><div id=\"pg-24-2\"  class=\"panel-grid panel-no-style\" ><div id=\"pgc-24-2-0\"  class=\"panel-grid-cell\" ><div id=\"panel-24-2-0-0\" class=\"so-panel widget widget_sow-editor panel-first-child panel-last-child\" data-index=\"4\" ><div\n\t\t\t\n\t\t\tclass=\"so-widget-sow-editor so-widget-sow-editor-base\"\n\t\t\t\n\t\t>\n<div class=\"siteorigin-widget-tinymce textwidget\">\n\t<p><img loading=\"lazy\" class=\"alignnone size-full wp-image-72\" src=\"http:\/\/tmkg.de\/wordpress\/wp-content\/uploads\/2022\/02\/support.jpg\" alt=\"\" width=\"192\" height=\"127\" \/><\/p>\n<h3><strong>Kontakt<\/strong><\/h3>\n<p>Haben Sie noch Fragen?<br \/>\nWir geben Ihnen gerne Auskunft \u00fcber unser Unternehmen, unsere Produkte und Leistungen.<br \/>\n<span style=\"color: #ffffff;\">.<\/span><\/p>\n<p><a href=\"http:\/\/tmkg.de\/wordpress\/kontakt\/\"><strong><span style=\"color: #0fc8f0;\">-&gt;Kontaktieren Sie uns<\/span><\/strong><\/a><\/p>\n<\/div>\n<\/div><\/div><\/div><div id=\"pgc-24-2-1\"  class=\"panel-grid-cell\" ><div id=\"panel-24-2-1-0\" class=\"so-panel widget widget_sow-editor panel-first-child panel-last-child\" data-index=\"5\" ><div\n\t\t\t\n\t\t\tclass=\"so-widget-sow-editor so-widget-sow-editor-base\"\n\t\t\t\n\t\t>\n<div class=\"siteorigin-widget-tinymce textwidget\">\n\t<p><img loading=\"lazy\" class=\"alignnone size-full wp-image-74\" src=\"http:\/\/tmkg.de\/wordpress\/wp-content\/uploads\/2022\/02\/welt.jpg\" alt=\"\" width=\"192\" height=\"127\" \/><\/p>\n<h3><strong>Standorte<\/strong><\/h3>\n<p>Weltweiter Einsatz<br \/>\nUnd zu Hause in drei L\u00e4ndern.<br \/>\n-Deutschland<br \/>\n-USA<br \/>\n-Slowakei<\/p>\n<p><a href=\"http:\/\/tmkg.de\/wordpress\/standorte\/\"><strong><span style=\"color: #0fc8f0;\">-&gt;Unsere Standorte<\/span><\/strong><\/a><\/p>\n<\/div>\n<\/div><\/div><\/div><div id=\"pgc-24-2-2\"  class=\"panel-grid-cell\" ><div id=\"panel-24-2-2-0\" class=\"so-panel widget widget_sow-editor panel-first-child panel-last-child\" data-index=\"6\" ><div\n\t\t\t\n\t\t\tclass=\"so-widget-sow-editor so-widget-sow-editor-base\"\n\t\t\t\n\t\t>\n<div class=\"siteorigin-widget-tinymce textwidget\">\n\t<p><img loading=\"lazy\" class=\"alignnone size-full wp-image-73\" src=\"http:\/\/tmkg.de\/wordpress\/wp-content\/uploads\/2022\/02\/TMKG.jpg\" alt=\"\" width=\"192\" height=\"127\" \/><\/p>\n<h3><strong>\u00dcber uns<\/strong><\/h3>\n<p>Erfahren Sie mehr \u00fcber uns und was uns antreibt.<br \/>\n<span style=\"color: #ffffff;\">.<\/span><br \/>\n<span style=\"color: #ffffff;\">.<\/span><br \/>\n<span style=\"color: #ffffff;\">.<\/span><br \/>\n<span style=\"color: #ffffff;\">.<\/span><br \/>\n<a href=\"http:\/\/tmkg.de\/wordpress\/tmkg\/\"><strong><span style=\"color: #0fc8f0;\">-&gt;Mehr erfahren<\/span><\/strong><\/a><\/p>\n<\/div>\n<\/div><\/div><\/div><div id=\"pgc-24-2-3\"  class=\"panel-grid-cell\" ><div id=\"panel-24-2-3-0\" class=\"so-panel widget widget_sow-editor panel-first-child panel-last-child\" data-index=\"7\" ><div\n\t\t\t\n\t\t\tclass=\"so-widget-sow-editor so-widget-sow-editor-base\"\n\t\t\t\n\t\t>\n<div class=\"siteorigin-widget-tinymce textwidget\">\n\t<p><img loading=\"lazy\" class=\"alignnone size-full wp-image-71\" src=\"http:\/\/tmkg.de\/wordpress\/wp-content\/uploads\/2022\/02\/bewerbung.jpg\" alt=\"\" width=\"192\" height=\"127\" \/><\/p>\n<h3><strong>Karriere<\/strong><\/h3>\n<p>Wir suchen qualifiziertes Personal in mehreren Bereichen. Bewerben Sie sich jetzt.<br \/>\n<span style=\"color: #ffffff;\">.<\/span><br \/>\n<span style=\"color: #ffffff;\">.<\/span><br \/>\n<span style=\"color: #ffffff;\">.<\/span><br \/>\n<a href=\"http:\/\/tmkg.de\/wordpress\/karriere\/\"><strong><span style=\"color: #0fc8f0;\">-&gt;Jetzt Bewerben<\/span><\/strong><\/a><\/p>\n<\/div>\n<\/div><\/div><\/div><\/div><div id=\"pg-24-3\"  class=\"panel-grid panel-no-style\" ><div id=\"pgc-24-3-0\"  class=\"panel-grid-cell\" ><div id=\"panel-24-3-0-0\" class=\"widget_text so-panel widget widget_custom_html panel-first-child panel-last-child\" data-index=\"8\" ><div class=\"textwidget custom-html-widget\"><div class=\"h5p-iframe-wrapper\"><iframe id=\"h5p-iframe-1\" class=\"h5p-iframe\" data-content-id=\"1\" style=\"height:1px\" src=\"about:blank\" frameBorder=\"0\" scrolling=\"no\" title=\"Standorte\"><\/iframe><\/div><\/div><\/div><\/div><\/div><\/div>","protected":false},"excerpt":{"rendered":"<p>Termingerecht Durch umfassende und sorgf\u00e4ltige Planung sorgen wir daf\u00fcr, dass Ihre Projekte termingerecht abgewickelt werden. Professionell Die Realisierung von der Planung bis zur Ausf\u00fchrung erfolgt durch gut ausgebildete und motivierte Fachkr\u00e4fte, die von erfahrenen Projektleitern gef\u00fchrt werden. Professionelles Equipment, strikte Einhaltung der Normen und sorgf\u00e4ltiges Arbeiten sind f\u00fcr uns selbstverst\u00e4ndlich. Zuverl\u00e4ssig Das Projektmanagement integriert Planung, [&hellip;]<\/p>\n","protected":false},"author":1,"featured_media":0,"parent":0,"menu_order":0,"comment_status":"closed","ping_status":"closed","template":"home-panels.php","meta":[],"_links":{"self":[{"href":"https:\/\/tmkg.de\/wordpress\/wp-json\/wp\/v2\/pages\/24"}],"collection":[{"href":"https:\/\/tmkg.de\/wordpress\/wp-json\/wp\/v2\/pages"}],"about":[{"href":"https:\/\/tmkg.de\/wordpress\/wp-json\/wp\/v2\/types\/page"}],"author":[{"embeddable":true,"href":"https:\/\/tmkg.de\/wordpress\/wp-json\/wp\/v2\/users\/1"}],"replies":[{"embeddable":true,"href":"https:\/\/tmkg.de\/wordpress\/wp-json\/wp\/v2\/comments?post=24"}],"version-history":[{"count":4,"href":"https:\/\/tmkg.de\/wordpress\/wp-json\/wp\/v2\/pages\/24\/revisions"}],"predecessor-version":[{"id":113,"href":"https:\/\/tmkg.de\/wordpress\/wp-json\/wp\/v2\/pages\/24\/revisions\/113"}],"wp:attachment":[{"href":"https:\/\/tmkg.de\/wordpress\/wp-json\/wp\/v2\/media?parent=24"}],"curies":[{"name":"wp","href":"https:\/\/api.w.org\/{rel}","templated":true}]}}