{"id":26,"date":"2022-02-08T09:16:17","date_gmt":"2022-02-08T08:16:17","guid":{"rendered":"http:\/\/tmkg.de\/wordpress\/?page_id=26"},"modified":"2022-02-08T11:49:54","modified_gmt":"2022-02-08T10:49:54","slug":"tmkg","status":"publish","type":"page","link":"https:\/\/tmkg.de\/wordpress\/tmkg\/","title":{"rendered":"TMKG"},"content":{"rendered":"\n<div class=\"wp-block-image\"><figure class=\"aligncenter size-large is-resized\"><img loading=\"lazy\" src=\"http:\/\/tmkg.de\/wordpress\/wp-content\/uploads\/2022\/02\/logo-1024x323.png\" alt=\"TMKG_Logo\" class=\"wp-image-5\" width=\"497\" height=\"157\" srcset=\"https:\/\/tmkg.de\/wordpress\/wp-content\/uploads\/2022\/02\/logo-1024x323.png 1024w, https:\/\/tmkg.de\/wordpress\/wp-content\/uploads\/2022\/02\/logo-300x95.png 300w, https:\/\/tmkg.de\/wordpress\/wp-content\/uploads\/2022\/02\/logo-768x242.png 768w, https:\/\/tmkg.de\/wordpress\/wp-content\/uploads\/2022\/02\/logo.png 1171w\" sizes=\"(max-width: 497px) 100vw, 497px\" \/><\/figure><\/div>\n\n\n\n<p style=\"font-size:18px\">F\u00fcr den termingerechten Neu- und Umbau von komplexen Fertigungslinien ist die professionelle Unterst\u00fctzung durch einen kompetenten Partner eine willkommene Hilfe.<\/p>\n\n\n\n<p style=\"font-size:18px\">Die TM KG verf\u00fcgt \u00fcber ein erfahrenes Team zur Projektierung, Planung und Durchf\u00fchrung von Elektromontage-Arbeiten. Schwerpunkte des Know-how bilden die Bereiche F\u00f6rdertechnik, Verfahrenstechnik und Umwelttechnik. Insbesondere erf\u00fcllt die TM KG neben den g\u00e4ngigen Industriestandards auch die erh\u00f6hten Anforderungen der Automobilindustrie, so dass in diesem Bereich ein besonderer Schwerpunkt der Kompetenz liegt.<\/p>\n\n\n\n<p class=\"has-text-align-center\" style=\"font-size:18px\"><strong>termingerecht &#8211; professionell &#8211; kosteng\u00fcnstig &#8211; zuverl\u00e4ssig<\/strong><\/p>\n\n\n\n<p style=\"font-size:18px\">Durch umfassende und sorgf\u00e4ltige Planung sorgen wir daf\u00fcr, dass Ihre Projekte termingerecht abgewickelt werden. Die Realisierung von der Planung bis zur Ausf\u00fchrung erfolgt durch gut ausgebildete und motivierte Fachkr\u00e4fte, die von erfahrenen Projektleitern gef\u00fchrt werden. Professionelles Equipment, strikte Einhaltung der Normen und sorgf\u00e4ltiges Arbeiten sind f\u00fcr uns selbstverst\u00e4ndlich. Das Projektmanagement integriert Planung, Materialbeschaffung und Terminabstimmung. Somit k\u00f6nnen Projekte kosteng\u00fcnstig und zuverl\u00e4ssig abgewickelt werden.<\/p>\n\n\n\n<p style=\"font-size:18px\">Zusammen mit unseren Partnern k\u00f6nnen auch komplette Industrieausr\u00fcstungen von der Hardware- und Softwareplanung, \u00fcber Schaltschrankbau, Installation bis zur Inbetriebnahme und Service angeboten und realisiert werden.<\/p>\n\n\n\n<p style=\"font-size:18px\"><em>Sie k\u00f6nnen sicher sein, dass wir alles tun werden, um Ihr Projekt zum Erfolg zu f\u00fchren.<\/em><\/p>\n","protected":false},"excerpt":{"rendered":"<p>F\u00fcr den termingerechten Neu- und Umbau von komplexen Fertigungslinien ist die professionelle Unterst\u00fctzung durch einen kompetenten Partner eine willkommene Hilfe. Die TM KG verf\u00fcgt \u00fcber ein erfahrenes Team zur Projektierung, Planung und Durchf\u00fchrung von Elektromontage-Arbeiten. Schwerpunkte des Know-how bilden die Bereiche F\u00f6rdertechnik, Verfahrenstechnik und Umwelttechnik. Insbesondere erf\u00fcllt die TM KG neben den g\u00e4ngigen Industriestandards auch [&hellip;]<\/p>\n","protected":false},"author":1,"featured_media":0,"parent":0,"menu_order":0,"comment_status":"closed","ping_status":"closed","template":"","meta":[],"_links":{"self":[{"href":"https:\/\/tmkg.de\/wordpress\/wp-json\/wp\/v2\/pages\/26"}],"collection":[{"href":"https:\/\/tmkg.de\/wordpress\/wp-json\/wp\/v2\/pages"}],"about":[{"href":"https:\/\/tmkg.de\/wordpress\/wp-json\/wp\/v2\/types\/page"}],"author":[{"embeddable":true,"href":"https:\/\/tmkg.de\/wordpress\/wp-json\/wp\/v2\/users\/1"}],"replies":[{"embeddable":true,"href":"https:\/\/tmkg.de\/wordpress\/wp-json\/wp\/v2\/comments?post=26"}],"version-history":[{"count":6,"href":"https:\/\/tmkg.de\/wordpress\/wp-json\/wp\/v2\/pages\/26\/revisions"}],"predecessor-version":[{"id":65,"href":"https:\/\/tmkg.de\/wordpress\/wp-json\/wp\/v2\/pages\/26\/revisions\/65"}],"wp:attachment":[{"href":"https:\/\/tmkg.de\/wordpress\/wp-json\/wp\/v2\/media?parent=26"}],"curies":[{"name":"wp","href":"https:\/\/api.w.org\/{rel}","templated":true}]}}