{"id":29,"date":"2022-02-08T09:21:24","date_gmt":"2022-02-08T08:21:24","guid":{"rendered":"http:\/\/tmkg.de\/wordpress\/?page_id=29"},"modified":"2022-02-23T08:54:08","modified_gmt":"2022-02-23T07:54:08","slug":"leistungen","status":"publish","type":"page","link":"https:\/\/tmkg.de\/wordpress\/leistungen\/","title":{"rendered":"Leistungen"},"content":{"rendered":"\n<p style=\"font-size:18px\"><strong>Planung<\/strong><br>Wir erarbeiten f\u00fcr Ihre Anlagen den Kabelwegausbau. Grundlage hierzu sind neben den Layouts der Anlagen auch die Ber\u00fccksichtigung der \u00f6rtlichen Begebenheiten, um kostenoptimiert unter Einhaltung aller Industriestandards den Trassenausbau zu planen.<br>Wir erstellen Mengenger\u00fcste, die Ihnen als Ausschreibungsunterlagen bzw. als Bestellvorlagen dienen. Passend zu Ihrem Terminplan ermitteln wir den Personalbedarf zur Durchf\u00fchrung der Elektroinstallationsarbeiten.<\/p>\n\n\n\n<p style=\"font-size:18px\"><strong>Schaltschrankbau<\/strong><br>In unserer eigenen Schaltschrankfertigung bauen und installieren wir nach ihren Vorgaben Schaltschranksysteme in unter- schiedlichen Bauformen, vom kleinen Klemmenkasten \u00fcber Bedienpulte bis hin zu gro\u00dfen Schaltschrankzahlen. Auf Wunsch f\u00fchren wir diese Arbeiten auch beim Kunden aus.<\/p>\n\n\n\n<p style=\"font-size:18px\"><strong>Montage<\/strong><br>Unsere Mitarbeiter verf\u00fcgen \u00fcber fundiertes Fachwissen und langj\u00e4hrige Erfahrung in der Errichtung elektrischer Industrieanlagen. Unsere Motivation hilft Ihnen, Ihre Projekte termingerecht und kosteng\u00fcnstig zum Erfolg zu f\u00fchren. Hierbei spielt es keine Rolle, ob Neuanlagen installiert oder komplexe Fertigungsstra\u00dfen umgebaut werden. Wir weisen besonders darauf hin, dass wir gro\u00dfen Wert auf die Ausstattung unserer Mitarbeiter mit den vor Ort notwendigen Ger\u00e4ten und Werkzeugen legen. Im Gegensatz zum Branchendurchschnitt verf\u00fcgen wir \u00fcber komplett eingerichtete Transporter, ausgestattet mit neuesten Werkzeugen und allen Kleinmaterialien, deren Beschaffung vor Ort in der Regel viel Zeit und damit Kosten verursachen w\u00fcrden. Mit eigenen Materialcontainern, Hebeb\u00fchnen und Gabelstaplern etc. ist auch die Baustelleneinrichtung komplett in eigener Hand und damit unabh\u00e4ngig von Lieferanten.<\/p>\n\n\n\n<p style=\"font-size:18px\"><strong>SPS-Programmierung und Inbetriebnahme<\/strong><br>Durch unsere SPS-Experten realisieren wir komplexe Industrieanlagen. Von der Steuerungsprogrammierung zur Visualisierung bis hin zur Inbetriebnahme.<br>Auch die Fehlersuche oder kleinere Anpassungen geh\u00f6ren mit zu unseren Leistungen.<\/p>\n\n\n\n<p style=\"font-size:18px\"><strong>Elektrokonstruktion<\/strong><br>Um das Angebot komplett zu machen, erstellen wir Ihnen in unserer Konstruktionsabteilung den kompletten Stromlaufplan inkl. aller notwendigen Berechnungen.<\/p>\n\n\n\n<p style=\"font-size:18px\"><strong>Service<\/strong><br>F\u00fcr Reparaturen, Erweiterungen etc. in bestehenden Anlagen steht ein Team f\u00fcr Servicearbeiten zur Verf\u00fcgung. Hier kann Ihnen schnell und unkompliziert geholfen werden. Unsere Servicefahrzeuge sind gerade f\u00fcr diese F\u00e4lle mit allen wichtigen Materialien ausgestattet, um Produktionsst\u00f6rungen und Stillstandszeiten auf ein Minimum zu reduzieren.<\/p>\n\n\n\n<p style=\"font-size:18px\"><strong>Instandhaltung<\/strong><br>Wir \u00fcbernehmen f\u00fcr Sie die Instandhaltung in Ihren Werken. Durch unsere geschulten Mitarbeiter helfen wir, dass Ihre Produktion reibungslos abl\u00e4uft.<\/p>\n\n\n\n<p style=\"font-size:18px\"><strong>Lieferung<\/strong><br>Wir bedienen das komplette elektrische Installationsmaterial, welches zur Errichtung Ihrer Anlagen notwendig ist.<br>Durch ein gut sortiertes Lager k\u00f6nnen Materialengp\u00e4sse auch kurzfristig behoben werden. Ebenso haben wir die M\u00f6glichkeit, Spezialanfertigungen wie Pultst\u00e4nder, Abdeckbleche etc. nach Ihren Vorgaben zu fertigen und zu liefern.<br>Durch unseren eigenen LKW (mit H\u00e4nger)sind wir jederzeit in der Lage, auch unvorgesehenen Bedarf umgehend zur Baustelle zu versenden.<\/p>\n\n\n\n<p><\/p>\n","protected":false},"excerpt":{"rendered":"<p>PlanungWir erarbeiten f\u00fcr Ihre Anlagen den Kabelwegausbau. Grundlage hierzu sind neben den Layouts der Anlagen auch die Ber\u00fccksichtigung der \u00f6rtlichen Begebenheiten, um kostenoptimiert unter Einhaltung aller Industriestandards den Trassenausbau zu planen.Wir erstellen Mengenger\u00fcste, die Ihnen als Ausschreibungsunterlagen bzw. als Bestellvorlagen dienen. Passend zu Ihrem Terminplan ermitteln wir den Personalbedarf zur Durchf\u00fchrung der Elektroinstallationsarbeiten. SchaltschrankbauIn unserer [&hellip;]<\/p>\n","protected":false},"author":1,"featured_media":0,"parent":0,"menu_order":0,"comment_status":"closed","ping_status":"closed","template":"","meta":[],"_links":{"self":[{"href":"https:\/\/tmkg.de\/wordpress\/wp-json\/wp\/v2\/pages\/29"}],"collection":[{"href":"https:\/\/tmkg.de\/wordpress\/wp-json\/wp\/v2\/pages"}],"about":[{"href":"https:\/\/tmkg.de\/wordpress\/wp-json\/wp\/v2\/types\/page"}],"author":[{"embeddable":true,"href":"https:\/\/tmkg.de\/wordpress\/wp-json\/wp\/v2\/users\/1"}],"replies":[{"embeddable":true,"href":"https:\/\/tmkg.de\/wordpress\/wp-json\/wp\/v2\/comments?post=29"}],"version-history":[{"count":5,"href":"https:\/\/tmkg.de\/wordpress\/wp-json\/wp\/v2\/pages\/29\/revisions"}],"predecessor-version":[{"id":107,"href":"https:\/\/tmkg.de\/wordpress\/wp-json\/wp\/v2\/pages\/29\/revisions\/107"}],"wp:attachment":[{"href":"https:\/\/tmkg.de\/wordpress\/wp-json\/wp\/v2\/media?parent=29"}],"curies":[{"name":"wp","href":"https:\/\/api.w.org\/{rel}","templated":true}]}}