{"id":3,"date":"2022-02-07T13:18:28","date_gmt":"2022-02-07T12:18:28","guid":{"rendered":"http:\/\/tmkg.de\/wordpress\/?page_id=3"},"modified":"2022-02-08T09:33:45","modified_gmt":"2022-02-08T08:33:45","slug":"datenschutzerklaerung","status":"publish","type":"page","link":"https:\/\/tmkg.de\/wordpress\/datenschutzerklaerung\/","title":{"rendered":"Datenschutzerkl\u00e4rung"},"content":{"rendered":"\n<p>Die TM GmbH &amp; Co. KG nimmt den Schutz Ihrer pers\u00f6nlichen Daten sehr ernst. Wir behandeln Ihre personenbezogenen Daten vertraulich und entsprechend der gesetzlichen Datenschutzvorschriften, der Europ\u00e4ischen Datenschutz-Grundverordnung (EU DSG-VO), dem Bundesdatenschutzgesetz (BDSG) sowie dieser Datenschutzerkl\u00e4rung.<br>Wenn Sie diese Website benutzen, werden verschiedene personenbezogene Daten erhoben. Die vorliegende Datenschutzerkl\u00e4rung erl\u00e4utert, welche Daten wir rechtskonform erheben und wof\u00fcr wir sie nutzen. Sie erl\u00e4utert auch, wie und zu welchem Zweck das geschieht.<\/p>\n\n\n\n<p>Informationspflichten bei der Erhebung personenbezogener Daten gem. Art. 13 EU DSG-VO<\/p>\n\n\n\n<p>Verarbeitung personenbezogener DatenNach Art. 4 Nr. 1 EU DSG-VO sind \u201epersonenbezogene Daten\u201c alle Informationen, die sich auf eine identifizierte oder identifizierbare nat\u00fcrliche Person (im Folgenden \u201ebetroffene Person\u201c genannt) beziehen. Als identifizierbar wird eine nat\u00fcrliche Person angesehen, die direkt oder indirekt, insbesondere mittels Zuordnung zu einer Kennung wie einem Namen, zu einer Kennnummer, zu Standortdaten, zu einer Online-Kennung oder zu einem oder mehreren besonderen Merkmalen identifiziert werden kann, die Ausdruck der physischen, physiologischen, genetischen, psychischen, wirtschaftlichen, kulturellen oder sozialen Identit\u00e4t dieser nat\u00fcrlichen Person sind.<\/p>\n\n\n\n<p>Zweck und Rechtsgrundlage der Datenverarbeitung ( Art. 13 Abs. 1 lit. c) EU DSG-VO)<br><br><strong>Wie erfassen wir Ihre Daten und wof\u00fcr nutzen wir sie?<\/strong><br>Wenn Sie mit uns Kontakt aufnehmen, werden Ihre Daten nur zur Kontaktaufnahme verarbeitet. Sind Sie Kunde von uns k\u00f6nnen die Daten, je nachdem was Ihr Anliegen ist, auch zur Vertragsanbahnung oder zum Vertragsabschluss verarbeitet werden. Die Angabe Ihrer personenbezogenen Daten erfolgt dabei auf rein freiwilliger Basis.<\/p>\n\n\n\n<p>Andere personenbezogene Daten werden automatisch beim Besuch unserer Website durch unsere IT-Systeme erfasst. Das sind vor allem technische Daten (z.B. Internetbrowser, Betriebssystem oder Uhrzeit des Seitenaufrufs, Ihre IP-Adresse und Informationen \u00fcber Cookies). Die Erfassung dieser Daten erfolgt automatisch, sobald Sie unsere Website betreten. Diese personenbezogenen Daten werden nur anonymisiert zu statistischen Zwecken verarbeitet, um eine fehlerfreie Bereitstellung der Webseite zu gew\u00e4hrleisten und um eine Analyse Ihres Nutzerverhaltens zu erstellen.<\/p>\n\n\n\n<p>Zu den dabei verwendeten Analyse-Tools erhalten Sie weiter unten in dieser Datenschutzerkl\u00e4rung detaillierte Informationen.<\/p>\n\n\n\n<p>Ihre personenbezogenen Daten unterliegen im Rahmen unserer Verarbeitung keiner automatisierten Entscheidungsfindung einschlie\u00dflich Profiling (Art. 13 Abs. 2 lit f) EU DSG-VO).<\/p>\n\n\n\n<p>Auf welcher Rechtsgrundlage basiert die Datenverarbeitung?Die Verarbeitung der von Ihnen freiwillig zur Verf\u00fcgung gestellten personenbezogenen sowie der bei Ihrem Besuch auf unserer Webseite automatisch erfassten \u201etechnischen\u201c personenbezogenen Daten erfolgt bei Vertrags Anbahnungen und Vertr\u00e4gen gem. Art. 6 Abs. 1 S. 1 lit. b) EU DSG-VO.<\/p>\n\n\n\n<p>Stellen Sie uns auf Ihre eigene Initiative hin per E-Mail personenbezogene Daten zur Verf\u00fcgung, ist es unser berechtigtes Interesse (Art. 6 Abs. 1 S. 1 lit. f) i.V.m. Art. 13 Abs. 1 lit d) EU DSG-VO), diese Daten zur Bearbeitung Ihres Anliegens und zur Kommunikation mit Ihnen zu verwenden.<\/p>\n\n\n\n<p>Ansonsten erfolgt eine Weitergabe an Dritte nur mit einer Einwilligung der betroffenen Person.<\/p>\n\n\n\n<p>Bei Ihrem Besuch auf unserer Webseite liegt es hingegen in unserem berechtigten Interesse (Art. 6 Abs. 1 S. 1 lit. f) i.V.m. Art. 13 Abs. 1 lit d) EU DSG-VO), \u201etechnische\u201c personenbezogene Daten zu verarbeiten und Ihr Nutzungsverhalten zu analysieren, um eine fehlerfreie und ansprechende Darstellung unserer Webseite zu bieten und deren Besuch f\u00fcr Sie noch benutzerfreundlicher und attraktiver zu machen.<\/p>\n\n\n\n<p>Sie m\u00f6chten sich bei uns BewerbenSie k\u00f6nnen sich bei uns telefonisch oder \u00fcber E-Mail bewerben. Senden Sie uns Bewerbungsunterlagen mit vertraulichen Informationen nur in verschl\u00fcsselter Form zu. Unverschl\u00fcsselte E-Mails und Anlagen sind nicht sicher.<\/p>\n\n\n\n<p>Bewerbungsunterlagen sind bei uns als vertraulich eingestuft. Wenn es zu keiner Anstellung kommt, werden elektronisch zugesendet Unterlagen, gem. AGG nach 6 Monaten gel\u00f6scht. Per Post zugesendet Unterlagen senden wir Ihnen zur\u00fcck.<\/p>\n\n\n\n<p>Weitergabe von personenbezogenen Daten an Dritte\/ Empf\u00e4nger der Daten (Art. 13 Abs. 1 lit e) EU DSG-VO)Die Datenverarbeitung auf dieser Website erfolgt durch den Websitebetreiber TM GmbH &amp; Co. KG. Unsere Kontaktdaten k\u00f6nnen Sie auf dieser Website und dem Punkt \u201eVerantwortlicher\u201c dieser Datenschutzerkl\u00e4rung entnehmen.<\/p>\n\n\n\n<p>Empf\u00e4nger der mit der Nutzung des Webauftritts verbundenen personenbezogenen Daten ist ausschlie\u00dflich die TM GmbH &amp; Co. KG. Ihre Daten werden nicht an Dritte weitergegeben oder kommerziell verwendet.<\/p>\n\n\n\n<p>Soweit wir bei der technischen Durchf\u00fchrung der Datenverarbeitung externe Dienstleister besch\u00e4ftigen, handeln diese ausschlie\u00dflich auf unsere Anweisung und nach unseren Vorgaben, die \u00fcber einen Vertrag zur Auftragsdatenverarbeitung (ADV) vorgegeben werden (Art. 28 EU DS-GVO).<\/p>\n\n\n\n<p>Dauer der Speicherung und L\u00f6schung der Daten; Widerspruchs- und Auskunftsrecht (Art. 13 Abs. 2 lit a) und b) EU DSG-VO)<br><br><strong>Wie lange werden die Daten gespeichert?<\/strong><br>Die Dauer der Speicherung h\u00e4ngt von gesetzlichen Vorgaben und dem Zweck der Datenspeicherung ab. Ist der Zweck der Datenverarbeitung nicht mehr gegeben, werden die Daten gel\u00f6scht. Ansonsten werden erhobene personenbezogenen Daten grunds\u00e4tzlich gel\u00f6scht, wenn eine ggf. erteilte Einwilligung widerrufen wird, die Daten nachweislich falsch sind, die Daten rechtswidrig erhoben wurden oder wenn gesetzliche Anforderungen keine Datenspeicherung mehr verlangen.<\/p>\n\n\n\n<p><strong>Welche Rechte haben Sie bez\u00fcglich Ihrer Daten?<\/strong><br>Wenn keine gesetzliche Begr\u00fcndung f\u00fcr eine Speicherung vorliegt, hat jede betroffene Person das Recht auf Berichtigung oder L\u00f6schung (Art. 16, 17 EU DSG-VO), das Recht auf Einschr\u00e4nkung der Verarbeitung (Art. 18 EU DSG-VO), das Recht auf Daten\u00fcbertragbarkeit (Art. 20 EU DSG-VO) sowie auf Widerspruch (Art. 21 EU DSG-VO).<br>Selbstverst\u00e4ndlich erh\u00e4lt jede betroffene Person auf Wunsch von uns unentgeltlich Auskunft dar\u00fcber, welche personenbezogenen Daten von ihr durch die TM GmbH &amp; Co. KG verarbeitet werden (Art. 15 EU DSG-VO).<\/p>\n\n\n\n<p><strong>Auskunft, Sperrung, L\u00f6schung<\/strong><br>Sie haben im Rahmen der geltenden gesetzlichen Bestimmungen jederzeit das Recht auf unentgeltliche Auskunft \u00fcber Ihre gespeicherten personenbezogenen Daten. Hierzu sowie zu weiteren Fragen zum Thema personenbezogene Daten k\u00f6nnen Sie sich jederzeit unter der im Impressum angegebenen Adresse an uns wenden. Ihre von uns verarbeiteten Daten werden gel\u00f6scht, wenn der Zweck f\u00fcr eine Verarbeitung nicht mehr gegeben ist (z. B. bei Rechnungen nach10 Jahren).<\/p>\n\n\n\n<p>Beschwerderecht bei der zust\u00e4ndigen Aufsichtsbeh\u00f6rde (Art. 13 Abs. 2 lit. d) EU DSG-VO)Im Falle datenschutzrechtlicher Verst\u00f6\u00dfe steht dem Betroffenen unbeschadet eines anderweitigen Rechtsbehelfs ein Beschwerderecht bei der zust\u00e4ndigen Aufsichtsbeh\u00f6rde zu. Zust\u00e4ndige Aufsichtsbeh\u00f6rde in datenschutzrechtlichen Fragen ist der Landesdatenschutzbeauftragte des Bundeslandes, in dem unser Unternehmen seinen Sitz hat sowie auch jede andere Aufsichtsbeh\u00f6rde in der EU. Eine Liste der Datenschutzbeauftragten sowie deren Kontaktdaten k\u00f6nnen folgendem Link entnommen werden:<br><a href=\"https:\/\/www.bfdi.bund.de\/DE\/Infothek\/Anschriften_Links\/anschriften_links-node.html\">https:\/\/www.bfdi.bund.de\/DE\/Infothek\/Anschriften_Links\/anschriften_links-node.html.<\/a>.<\/p>\n\n\n\n<p>Verantwortliche Stelle (Art. 13 Abs. 1 lit. a) EU DSG-VO)Verantwortliche Stelle ist die nat\u00fcrliche oder juristische Person, die allein oder gemeinsam mit anderen \u00fcber die Zwecke und Mittel der Verarbeitung von personenbezogenen Daten (z.B. Namen, E-Mail-Adressen o. &amp;AUML;.) entscheidet.<\/p>\n\n\n\n<p>Die verantwortliche Stelle f\u00fcr die Datenverarbeitung auf dieser Website ist:<\/p>\n\n\n\n<p><a>TM GmbH &amp; Co. KG<br>Elektrische Industrieausr\u00fcstungen<br>Friedrich-List-Allee 66<br>D-41844 Wegberg-Wildenrath<br>Vertreten durch die Gesch\u00e4ftsf\u00fchrer: Peter Janisch und Wilfried Mengeler<br>Telefon: +49 (0) 2432 49120-0<br>E-Mail:&nbsp;<\/a><a href=\"mailto:info@tmkg.de\">info@tmkg.de<\/a><br><a>Web: http:\/\/www.tmkg.de<\/a><\/p>\n\n\n\n<p>Datenschutzbeauftragter (Art. 13 Abs. 1 lit. b) EU DSG-VO)G\u00fcnter Jachtner<br>zertifizierter Datenschutzbeauftragter (T&amp;UUML;VPersCert)<br>CE21 &#8211; Gesellschaft f\u00fcr Kommunikationsberatung mbH<br>Bergfeldstra\u00dfe 11, 83607 Holzkirchen<br>Niederlassung NRW: Kampsweg 6, 53332 Bornheim<br>Tel.: +49 (0) 221 7160069<br>E-Mail:&nbsp;<a href=\"mailto:guenter.jachtner@ce21.de\">g\u00fcnter.jachtner@ce21.de<\/a><br><a href=\"http:\/\/ce21.de\/\">www.ce21.de<\/a><\/p>\n\n\n\n<p>SSL- bzw. TLS-Verschl\u00fcsselungDiese Webseite nutzt aus Sicherheitsgr\u00fcnden und zum Schutz der &amp;UUML;bertragung vertraulicher Inhalte, wie zum Beispiel Bestellungen oder Anfragen, die Sie an uns als Seitenbetreiber senden, eine SSL-bzw. TLS-Verschl\u00fcsselung. Eine verschl\u00fcsselte Verbindung erkennen Sie daran, dass die Adresszeile des Browsers von \u201chttp:\/\/\u201d auf \u201chttps:\/\/\u201d wechselt und an dem Schloss-Symbol in Ihrer Browserzeile.<\/p>\n\n\n\n<p>Wenn die SSL- bzw. TLS-Verschl\u00fcsselung aktiviert ist, k\u00f6nnen die Daten, die Sie an uns \u00fcbermitteln, nicht von Dritten mitgelesen werden.<\/p>\n\n\n\n<p>E-Mail<br>Die E-Mail-Kommunikation erfolgt \u00fcber das ungesicherte Internet. Wir weisen darauf hin, dass die Daten\u00fcbertragung im Internet (z.B. bei der Kommunikation per E-Mail) Sicherheitsl\u00fccken aufweisen kann. Ein l\u00fcckenloser Schutz der Daten vor dem Zugriff durch Dritte ist nicht m\u00f6glich.<\/p>\n\n\n\n<p>LinksUnsere Webseite enth\u00e4lt Links zu anderen Webseiten, f\u00fcr die wir nicht verantwortlich sind. Wir haben keinen Einfluss auf deren Inhalte und darauf, dass deren Betreiber die Datenschutzbestimmungen einhalten. Bitte nehmen Sie direkten Kontakt mit diesen Unternehmen auf, um sich \u00fcber deren Datenschutzbestimmungen zu informieren.<\/p>\n\n\n\n<p>CookiesUnsere Webseiten verwenden teilweise so genannte Cookies. Cookies richten auf Ihrem Rechner keinen Schaden an und enthalten keine Viren. Cookies dienen dazu, unser Angebot nutzerfreundlicher, effektiver und sicherer zu machen. Cookies sind kleine Textdateien, die auf Ihrem Rechner abgelegt werden und die Ihr Browser speichert.<\/p>\n\n\n\n<p>Die meisten der von uns verwendeten Cookies sind so genannte \u201cSession-Cookies\u201d. Sie werden nach Ende Ihres Besuchs automatisch gel\u00f6scht. Andere Cookies bleiben auf Ihrem Endger\u00e4t gespeichert bis Sie diese l\u00f6schen (persistente Cookies). Diese Cookies erm\u00f6glichen es uns, Ihren Browser beim n\u00e4chsten Besuch wiederzuerkennen.<\/p>\n\n\n\n<p>Sie k\u00f6nnen Ihren Browser so einstellen, dass Sie \u00fcber das Setzen von Cookies informiert werden und Cookies nur im Einzelfall erlauben, die Annahme von Cookies f\u00fcr bestimmte F\u00e4lle oder generell ausschlie\u00dfen sowie das automatische L\u00f6schen der Cookies beim Schlie\u00dfen des Browser aktivieren. Bei der Deaktivierung von Cookies kann die Funktionalit\u00e4t dieser Website eingeschr\u00e4nkt sein.<\/p>\n\n\n\n<p>Cookies, die zur Durchf\u00fchrung des elektronischen Kommunikationsvorgangs oder zur Bereitstellung bestimmter, von Ihnen erw\u00fcnschter erforderlich sind, werden auf Grundlage von Art. 6 Abs. 1 S. 1 lit. f) EU DSG-VO gespeichert. Der Websitebetreiber hat ein berechtigtes Interesse an der Speicherung von Cookies zur technisch fehlerfreien und optimierten Bereitstellung seiner Dienste. Soweit andere Cookies (z.B. Cookies zur Analyse Ihres Surfverhaltens) gespeichert werden, werden diese in dieser Datenschutzerkl\u00e4rung gesondert behandelt.<\/p>\n\n\n\n<p>Server-Log-DateienDer Provider der Seiten erhebt und speichert automatisch Informationen in so genannten Server-Log-Dateien, die Ihr Browser automatisch an uns \u00fcbermittelt. Dies sind:<br>\u2022 Browsertyp und Browserversion<br>\u2022 verwendetes Betriebssystem<br>\u2022 Referrer URL<br>\u2022 Hostname des zugreifenden Rechners<br>\u2022 Uhrzeit der Serveranfrage<br>\u2022 IP-Adresse<br>Eine Zusammenf\u00fchrung dieser Daten mit anderen Datenquellen wird nicht vorgenommen.<\/p>\n\n\n\n<p>Grundlage f\u00fcr die Datenverarbeitung ist Art. 6 Abs. 1 lit. b oder f) DSGVO, der die Verarbeitung von Daten zur Erf\u00fcllung eines Vertrags oder vorvertraglicher Ma\u00dfnahmen gestattet.<\/p>\n\n\n\n<p>Plugins und Tools <br><strong>Analyse-Tools und Tools von Drittanbietern<\/strong><br>Beim Besuch unserer Website kann Ihr Surf-Verhalten statistisch ausgewertet werden. Das geschieht vor allem mit Cookies und mit sogenannten Analyseprogrammen. Die Analyse Ihres Surf-Verhaltens erfolgt in der Regel anonym; das Surf-Verhalten kann nicht zu Ihnen zur\u00fcckverfolgt werden. Sie k\u00f6nnen dieser Analyse widersprechen oder sie durch die Nichtbenutzung bestimmter Tools verhindern.<\/p>\n","protected":false},"excerpt":{"rendered":"<p>Die TM GmbH &amp; Co. KG nimmt den Schutz Ihrer pers\u00f6nlichen Daten sehr ernst. Wir behandeln Ihre personenbezogenen Daten vertraulich und entsprechend der gesetzlichen Datenschutzvorschriften, der Europ\u00e4ischen Datenschutz-Grundverordnung (EU DSG-VO), dem Bundesdatenschutzgesetz (BDSG) sowie dieser Datenschutzerkl\u00e4rung.Wenn Sie diese Website benutzen, werden verschiedene personenbezogene Daten erhoben. Die vorliegende Datenschutzerkl\u00e4rung erl\u00e4utert, welche Daten wir rechtskonform erheben und [&hellip;]<\/p>\n","protected":false},"author":1,"featured_media":0,"parent":0,"menu_order":0,"comment_status":"closed","ping_status":"open","template":"","meta":[],"_links":{"self":[{"href":"https:\/\/tmkg.de\/wordpress\/wp-json\/wp\/v2\/pages\/3"}],"collection":[{"href":"https:\/\/tmkg.de\/wordpress\/wp-json\/wp\/v2\/pages"}],"about":[{"href":"https:\/\/tmkg.de\/wordpress\/wp-json\/wp\/v2\/types\/page"}],"author":[{"embeddable":true,"href":"https:\/\/tmkg.de\/wordpress\/wp-json\/wp\/v2\/users\/1"}],"replies":[{"embeddable":true,"href":"https:\/\/tmkg.de\/wordpress\/wp-json\/wp\/v2\/comments?post=3"}],"version-history":[{"count":1,"href":"https:\/\/tmkg.de\/wordpress\/wp-json\/wp\/v2\/pages\/3\/revisions"}],"predecessor-version":[{"id":34,"href":"https:\/\/tmkg.de\/wordpress\/wp-json\/wp\/v2\/pages\/3\/revisions\/34"}],"wp:attachment":[{"href":"https:\/\/tmkg.de\/wordpress\/wp-json\/wp\/v2\/media?parent=3"}],"curies":[{"name":"wp","href":"https:\/\/api.w.org\/{rel}","templated":true}]}}