{"id":91,"date":"2022-02-10T08:27:07","date_gmt":"2022-02-10T07:27:07","guid":{"rendered":"http:\/\/tmkg.de\/wordpress\/?page_id=91"},"modified":"2022-03-10T13:04:31","modified_gmt":"2022-03-10T12:04:31","slug":"referenzen","status":"publish","type":"page","link":"https:\/\/tmkg.de\/wordpress\/referenzen\/","title":{"rendered":"Referenzen"},"content":{"rendered":"\n<p style=\"font-size:18px\"><strong>AUTOMOTIVE<\/strong><br>Verfahrenstechnische Anlagen, Robotertechnik in allen Bereichen (Rohbau, Lack und Endfertigung), z.B. Elektroh\u00e4ngebahnen, SKID Systeme, Fahrgestell-Montagestra\u00dfen, Rollenbahnen, thermische Nachverbrennungen, KTL und viele andere&#8230;<\/p>\n\n\n\n<div class=\"h5p-iframe-wrapper\"><iframe id=\"h5p-iframe-2\" class=\"h5p-iframe\" data-content-id=\"2\" style=\"height:1px\" src=\"about:blank\" frameBorder=\"0\" scrolling=\"no\" title=\"Automotive\"><\/iframe><\/div>\n\n\n\n<p style=\"font-size:18px\"><\/p>\n\n\n\n<p style=\"font-size:18px\"><strong>Lebensmittelindustrie<\/strong><\/p>\n\n\n\n<p style=\"font-size:18px\">Bef\u00f6rderungstechnische und verfahrenstechnische Anlagen, z.B. Palettenf\u00f6rderer, elektrische H\u00e4ngebahnen, L\u00fcftungstechnik, Zisternen und viele andere&#8230;<\/p>\n\n\n\n<p style=\"font-size:18px\"><br><strong>\u2022Avangard <\/strong>(Koblenz), M\u00e4lzerei<br><strong>\u2022Bahlmann <\/strong>(Lindern), Schlachterei<br><strong>\u2022Kr\u00fcger <\/strong>(Bergisch-Gladbach), Kaffee<br><strong>\u2022Onken <\/strong>(Moers), Milchprodukte<br><strong>\u2022Walter Rau <\/strong>(Neuss), \u00d6le und Fette<\/p>\n\n\n\n<p style=\"font-size:18px\"><strong>Energie<\/strong><br><strong>\u2022Coatema<\/strong> (Dormagen, Cartin, Wales)<strong>,<\/strong>Beschichtungsanlage Solar<br><strong>\u2022EON<\/strong> (Frankfurt), Kohle-Kreislager<br><strong>\u2022RWE <\/strong>(Hamm, Gartzweiler, Neurath)<strong> <\/strong>Bandf\u00f6rderanlage, Online-Analyse<\/p>\n\n\n\n<p style=\"font-size:18px\"><strong>Logistik<\/strong><br>\u2022<strong>BASF<\/strong> (Ludwigshafen)<br>\u2022<strong>DHL<\/strong> (Bremen), Hochregal<br>\u2022<strong>DM Drogeriemarkt<\/strong> (Weilerswist), Beh\u00e4lterf\u00f6rdertechnik, Elektroh\u00e4ngebahn<br>\u2022<strong>Schipol<\/strong> (Amsterdam), Gep\u00e4cksysteme<\/p>\n\n\n\n<p style=\"font-size:18px\"><strong>Bau- und Holzindustrie<\/strong><br>&#8211; Spanplatten- und MDF-Plattenwerke<br>\u2022<strong>Depalor<\/strong> (Franc\u00fazsko) <br>\u2022<strong>Egger<\/strong> (Brilon) <br>\u2022<strong>Fantoni<\/strong> (Slovinsko) <br>\u2022<strong>FBB<\/strong> (Baruth) <br>\u2022<strong>Pfleiderer<\/strong> (Novgorod)<br>&#8211; Holz- und Gummipressen<br>\u2022<strong>Giriu<\/strong> (Bizonas), <br>\u2022<strong>Kronospan<\/strong> (Mohacs) <br>\u2022<strong>Satipel<\/strong> (Braz\u00edlia) <br>\u2022<strong>IMAS<\/strong> (Gr\u00e9cko)<br>&#8211; D\u00e4mmstoffe<br>\u2022<strong>Rath<\/strong> (M\u00f6nchengladbach)<br>\u2022<strong>Rockwool<\/strong> (CZ, PL)<br>&#8211; Sonstiges<br>\u2022<strong>Kronolux<\/strong> (Sanem), Mikroprozessorumbau<br>\u2022<strong>Laura Staal<\/strong> (Maastrich), Stahlwerk<\/p>\n\n\n\n<p style=\"font-size:18px\"><strong>Chemie<\/strong><br>\u2022<strong>3M<\/strong> (Hilden), Folien<br>\u2022<strong>Kamen<\/strong>, Klebstoffe<br>\u2022<strong>Degussa<\/strong> (Wesseling), Kl\u00e4ranlage<br>\u2022<strong>Heidelberg<\/strong>, Thermische Nachverbrennung<br>\u2022<strong>Gambro<\/strong> (Opelika, USA), Medizinische Produkte<br>\u2022<strong>Hexcels<\/strong> (Duxford, England)<br>\u2022<strong>Hoechst <\/strong>(Frankfurt)<\/p>\n\n\n\n<p style=\"font-size:18px\"><strong>Diverse Industrie<\/strong><br>\u2022<strong>Airbus<\/strong> (Bremen), Flugzeugbau<br>\u2022<strong>Aircabin<\/strong> (Ulm),Flugzeugbau<br>\u2022<strong>Europipe<\/strong> (M\u00fchlheim), R\u00f6hrenwerk<br>\u2022<strong>WTS<\/strong> (Thailand),TNV<\/p>\n","protected":false},"excerpt":{"rendered":"<p>AUTOMOTIVEVerfahrenstechnische Anlagen, Robotertechnik in allen Bereichen (Rohbau, Lack und Endfertigung), z.B. Elektroh\u00e4ngebahnen, SKID Systeme, Fahrgestell-Montagestra\u00dfen, Rollenbahnen, thermische Nachverbrennungen, KTL und viele andere&#8230; Lebensmittelindustrie Bef\u00f6rderungstechnische und verfahrenstechnische Anlagen, z.B. Palettenf\u00f6rderer, elektrische H\u00e4ngebahnen, L\u00fcftungstechnik, Zisternen und viele andere&#8230; \u2022Avangard (Koblenz), M\u00e4lzerei\u2022Bahlmann (Lindern), Schlachterei\u2022Kr\u00fcger (Bergisch-Gladbach), Kaffee\u2022Onken (Moers), Milchprodukte\u2022Walter Rau (Neuss), \u00d6le und Fette Energie\u2022Coatema (Dormagen, Cartin, Wales),Beschichtungsanlage Solar\u2022EON [&hellip;]<\/p>\n","protected":false},"author":1,"featured_media":0,"parent":0,"menu_order":0,"comment_status":"closed","ping_status":"closed","template":"","meta":[],"_links":{"self":[{"href":"https:\/\/tmkg.de\/wordpress\/wp-json\/wp\/v2\/pages\/91"}],"collection":[{"href":"https:\/\/tmkg.de\/wordpress\/wp-json\/wp\/v2\/pages"}],"about":[{"href":"https:\/\/tmkg.de\/wordpress\/wp-json\/wp\/v2\/types\/page"}],"author":[{"embeddable":true,"href":"https:\/\/tmkg.de\/wordpress\/wp-json\/wp\/v2\/users\/1"}],"replies":[{"embeddable":true,"href":"https:\/\/tmkg.de\/wordpress\/wp-json\/wp\/v2\/comments?post=91"}],"version-history":[{"count":5,"href":"https:\/\/tmkg.de\/wordpress\/wp-json\/wp\/v2\/pages\/91\/revisions"}],"predecessor-version":[{"id":118,"href":"https:\/\/tmkg.de\/wordpress\/wp-json\/wp\/v2\/pages\/91\/revisions\/118"}],"wp:attachment":[{"href":"https:\/\/tmkg.de\/wordpress\/wp-json\/wp\/v2\/media?parent=91"}],"curies":[{"name":"wp","href":"https:\/\/api.w.org\/{rel}","templated":true}]}}